{"id":563,"date":"2021-05-25T11:27:08","date_gmt":"2021-05-25T11:27:08","guid":{"rendered":"https:\/\/green.edly.io\/?page_id=563"},"modified":"2021-05-25T12:38:53","modified_gmt":"2021-05-25T12:38:53","slug":"a-propos-de-nous","status":"publish","type":"page","link":"https:\/\/green.edly.io\/fr\/a-propos-de-nous\/","title":{"rendered":"\u00c0 propos de nous"},"content":{"rendered":"\t\t<div data-elementor-type=\"wp-page\" data-elementor-id=\"563\" class=\"elementor elementor-563 elementor-67\" data-elementor-post-type=\"page\">\n\t\t\t\t\t\t<section class=\"elementor-section elementor-top-section elementor-element elementor-element-50b2dcca elementor-section-boxed elementor-section-height-default elementor-section-height-default\" data-id=\"50b2dcca\" data-element_type=\"section\">\n\t\t\t\t\t\t<div class=\"elementor-container elementor-column-gap-no\">\n\t\t\t\t\t<div class=\"elementor-column elementor-col-100 elementor-top-column elementor-element elementor-element-381b1aec\" data-id=\"381b1aec\" data-element_type=\"column\">\n\t\t\t<div class=\"elementor-widget-wrap elementor-element-populated\">\n\t\t\t\t\t\t<div class=\"elementor-element elementor-element-3d193b6d elementor-widget elementor-widget-heading\" data-id=\"3d193b6d\" data-element_type=\"widget\" data-widget_type=\"heading.default\">\n\t\t\t\t<div class=\"elementor-widget-container\">\n\t\t\t<h2 class=\"elementor-heading-title elementor-size-default\">NOTRE HISTOIRE<\/h2>\t\t<\/div>\n\t\t\t\t<\/div>\n\t\t\t\t<div class=\"elementor-element elementor-element-78c4958 elementor-widget elementor-widget-text-editor\" data-id=\"78c4958\" data-element_type=\"widget\" data-widget_type=\"text-editor.default\">\n\t\t\t\t<div class=\"elementor-widget-container\">\n\t\t\t\t\t\t\t<p style=\"text-align: center;\">Notre communaut\u00e9 est anim\u00e9e par un objectif commun: cr\u00e9er un monde meilleur gr\u00e2ce \u00e0 l&#8217;\u00e9ducation, \u00e0 la recherche et \u00e0 l&#8217;innovation.<\/p>\t\t\t\t\t\t<\/div>\n\t\t\t\t<\/div>\n\t\t\t\t\t<\/div>\n\t\t<\/div>\n\t\t\t\t\t<\/div>\n\t\t<\/section>\n\t\t\t\t<section class=\"elementor-section elementor-top-section elementor-element elementor-element-a40b618 elementor-section-boxed elementor-section-height-default elementor-section-height-default\" data-id=\"a40b618\" data-element_type=\"section\">\n\t\t\t\t\t\t<div class=\"elementor-container elementor-column-gap-no\">\n\t\t\t\t\t<div class=\"elementor-column elementor-col-100 elementor-top-column elementor-element elementor-element-e74c0a8\" data-id=\"e74c0a8\" data-element_type=\"column\">\n\t\t\t<div class=\"elementor-widget-wrap elementor-element-populated\">\n\t\t\t\t\t\t<div class=\"elementor-element elementor-element-61fc36ba elementor-arrows-position-inside elementor-pagination-position-outside elementor-widget elementor-widget-image-carousel\" data-id=\"61fc36ba\" data-element_type=\"widget\" data-settings=\"{&quot;slides_to_show&quot;:&quot;1&quot;,&quot;navigation&quot;:&quot;both&quot;,&quot;autoplay&quot;:&quot;yes&quot;,&quot;pause_on_hover&quot;:&quot;yes&quot;,&quot;pause_on_interaction&quot;:&quot;yes&quot;,&quot;autoplay_speed&quot;:5000,&quot;infinite&quot;:&quot;yes&quot;,&quot;effect&quot;:&quot;slide&quot;,&quot;speed&quot;:500}\" data-widget_type=\"image-carousel.default\">\n\t\t\t\t<div class=\"elementor-widget-container\">\n\t\t\t\t\t<div class=\"elementor-image-carousel-wrapper swiper\" dir=\"ltr\">\n\t\t\t<div class=\"elementor-image-carousel swiper-wrapper\" aria-live=\"off\">\n\t\t\t\t\t\t\t\t<div class=\"swiper-slide\" role=\"group\" aria-roledescription=\"slide\" aria-label=\"1 sur 2\"><figure class=\"swiper-slide-inner\"><img decoding=\"async\" class=\"swiper-slide-image\" src=\"https:\/\/d2dl4wi9c2tbm3.cloudfront.net\/2020\/06\/our-story-1.jpg\" alt=\"our-story-1.jpg\" \/><\/figure><\/div><div class=\"swiper-slide\" role=\"group\" aria-roledescription=\"slide\" aria-label=\"2 sur 2\"><figure class=\"swiper-slide-inner\"><img decoding=\"async\" class=\"swiper-slide-image\" src=\"https:\/\/d2dl4wi9c2tbm3.cloudfront.net\/2020\/06\/our-story-2.jpg\" alt=\"our-story-2.jpg\" \/><\/figure><\/div>\t\t\t<\/div>\n\t\t\t\t\t\t\t\t\t\t\t\t<div class=\"elementor-swiper-button elementor-swiper-button-prev\" role=\"button\" tabindex=\"0\">\n\t\t\t\t\t\t<i aria-hidden=\"true\" class=\"eicon-chevron-left\"><\/i>\t\t\t\t\t<\/div>\n\t\t\t\t\t<div class=\"elementor-swiper-button elementor-swiper-button-next\" role=\"button\" tabindex=\"0\">\n\t\t\t\t\t\t<i aria-hidden=\"true\" class=\"eicon-chevron-right\"><\/i>\t\t\t\t\t<\/div>\n\t\t\t\t\n\t\t\t\t\t\t\t\t\t<div class=\"swiper-pagination\"><\/div>\n\t\t\t\t\t\t\t\t\t<\/div>\n\t\t\t\t<\/div>\n\t\t\t\t<\/div>\n\t\t\t\t\t<\/div>\n\t\t<\/div>\n\t\t\t\t\t<\/div>\n\t\t<\/section>\n\t\t\t\t<section class=\"elementor-section elementor-top-section elementor-element elementor-element-132842ab elementor-section-boxed elementor-section-height-default elementor-section-height-default\" data-id=\"132842ab\" data-element_type=\"section\">\n\t\t\t\t\t\t\t<div class=\"elementor-background-overlay\"><\/div>\n\t\t\t\t\t\t\t<div class=\"elementor-container elementor-column-gap-default\">\n\t\t\t\t\t<div class=\"elementor-column elementor-col-50 elementor-top-column elementor-element elementor-element-18b84262\" data-id=\"18b84262\" data-element_type=\"column\">\n\t\t\t<div class=\"elementor-widget-wrap elementor-element-populated\">\n\t\t\t\t\t\t<div class=\"elementor-element elementor-element-65cde026 elementor-widget elementor-widget-heading\" data-id=\"65cde026\" data-element_type=\"widget\" data-widget_type=\"heading.default\">\n\t\t\t\t<div class=\"elementor-widget-container\">\n\t\t\t<h3 class=\"elementor-heading-title elementor-size-default\">QUI NOUS SOMMES<\/h3>\t\t<\/div>\n\t\t\t\t<\/div>\n\t\t\t\t<div class=\"elementor-element elementor-element-2d152cd5 elementor-widget elementor-widget-text-editor\" data-id=\"2d152cd5\" data-element_type=\"widget\" data-widget_type=\"text-editor.default\">\n\t\t\t\t<div class=\"elementor-widget-container\">\n\t\t\t\t\t\t\t<p>La communaut\u00e9 St. LutherX est anim\u00e9e par un objectif commun: cr\u00e9er un monde meilleur gr\u00e2ce \u00e0 l&#8217;\u00e9ducation, \u00e0 la recherche et \u00e0 l&#8217;innovation. \u00c0 St.LutherX, plus de 25 000 \u00e9tudiants de plus de 100 pays se r\u00e9unissent pour d\u00e9couvrir. Des classiques \u00e0 la technologie de pointe, St. LutherX propose des programmes de certificat, de dipl\u00f4me, de premier cycle, de deuxi\u00e8me cycle et de troisi\u00e8me cycle sur quatre campus et en ligne.<\/p>\t\t\t\t\t\t<\/div>\n\t\t\t\t<\/div>\n\t\t\t\t\t<\/div>\n\t\t<\/div>\n\t\t\t\t<div class=\"elementor-column elementor-col-50 elementor-top-column elementor-element elementor-element-6f35fa31\" data-id=\"6f35fa31\" data-element_type=\"column\">\n\t\t\t<div class=\"elementor-widget-wrap elementor-element-populated\">\n\t\t\t\t\t\t<div class=\"elementor-element elementor-element-7ed4c96d elementor-widget elementor-widget-heading\" data-id=\"7ed4c96d\" data-element_type=\"widget\" data-widget_type=\"heading.default\">\n\t\t\t\t<div class=\"elementor-widget-container\">\n\t\t\t<h3 class=\"elementor-heading-title elementor-size-default\">CE QUE NOUS FAISONS<\/h3>\t\t<\/div>\n\t\t\t\t<\/div>\n\t\t\t\t<div class=\"elementor-element elementor-element-687810d elementor-widget elementor-widget-text-editor\" data-id=\"687810d\" data-element_type=\"widget\" data-widget_type=\"text-editor.default\">\n\t\t\t\t<div class=\"elementor-widget-container\">\n\t\t\t\t\t\t\t<p>St.LutherX encourage et soutient la collaboration avec des individus et des groupes du public pour d\u00e9velopper et ex\u00e9cuter des projets qui renforcent la communaut\u00e9, font progresser l&#8217;enseignement et l&#8217;apprentissage et soutiennent la mission de St.LutherX. Le soutien est fourni par les facult\u00e9s, les unit\u00e9s et les centres d\u00e9di\u00e9s offrant des programmes pour faciliter l&#8217;engagement, ainsi que par le cadre d&#8217;engagement du public.<\/p>\t\t\t\t\t\t<\/div>\n\t\t\t\t<\/div>\n\t\t\t\t\t<\/div>\n\t\t<\/div>\n\t\t\t\t\t<\/div>\n\t\t<\/section>\n\t\t\t\t<section class=\"elementor-section elementor-top-section elementor-element elementor-element-59cd1bd elementor-section-boxed elementor-section-height-default elementor-section-height-default\" data-id=\"59cd1bd\" data-element_type=\"section\">\n\t\t\t\t\t\t<div class=\"elementor-container elementor-column-gap-default\">\n\t\t\t\t\t<div class=\"elementor-column elementor-col-100 elementor-top-column elementor-element elementor-element-6b5a99c1\" data-id=\"6b5a99c1\" data-element_type=\"column\">\n\t\t\t<div class=\"elementor-widget-wrap elementor-element-populated\">\n\t\t\t\t\t\t<div class=\"elementor-element elementor-element-5a842544 elementor-widget elementor-widget-heading\" data-id=\"5a842544\" data-element_type=\"widget\" data-widget_type=\"heading.default\">\n\t\t\t\t<div class=\"elementor-widget-container\">\n\t\t\t<h2 class=\"elementor-heading-title elementor-size-default\">RENCONTREZ NOS INSTRUCTEURS<\/h2>\t\t<\/div>\n\t\t\t\t<\/div>\n\t\t\t\t\t<\/div>\n\t\t<\/div>\n\t\t\t\t\t<\/div>\n\t\t<\/section>\n\t\t\t\t<section class=\"elementor-section elementor-top-section elementor-element elementor-element-7b7a8bc7 elementor-section-boxed elementor-section-height-default elementor-section-height-default\" data-id=\"7b7a8bc7\" data-element_type=\"section\">\n\t\t\t\t\t\t<div class=\"elementor-container elementor-column-gap-default\">\n\t\t\t\t\t<div class=\"elementor-column elementor-col-100 elementor-top-column elementor-element elementor-element-10bb95fd\" data-id=\"10bb95fd\" data-element_type=\"column\">\n\t\t\t<div class=\"elementor-widget-wrap elementor-element-populated\">\n\t\t\t\t\t\t<div class=\"elementor-element elementor-element-7f2c1fea elementor-widget elementor-widget-edly_instructors_slider\" data-id=\"7f2c1fea\" data-element_type=\"widget\" data-widget_type=\"edly_instructors_slider.default\">\n\t\t\t\t<div class=\"elementor-widget-container\">\n\t\t\t\n<div class=\"row instructors-card-slider\">\n\t\t\t\t<div class=\"\">\n\t\t\t\t<div class=\"instructor-card short-card\">\n\t\t\t\t\t<div class=\"image\">\n\t\t\t\t\t\t<a href=\"https:\/\/green.edly.io\/Instructor\/fayyaz-ahmed\/\">\n\t\t\t\t\t\t\t\t\t\t\t\t\t\t<img decoding=\"async\" src=\"https:\/\/d2dl4wi9c2tbm3.cloudfront.net\/2\/2020\/11\/green-user.png\" alt=\"Fayyaz Ahmed\" title=\"Fayyaz Ahmed\" width=\"200\" height=\"200\">\n\t\t\t\t\t\t<\/a>\n\t\t\t\t\t<\/div>\n\t\t\t\t\t<h3 class=\"name\">\n\t\t\t\t\t\t<a href=\"https:\/\/green.edly.io\/Instructor\/fayyaz-ahmed\/\">\n\t\t\t\t\t\t\tFayyaz Ahmed\t\t\t\t\t\t<\/a>\n\t\t\t\t\t<\/h3>\n\t\t\t\t\t<div class=\"regency\">\n\t\t\t\t\t\tSr. SQA Engineer\t\t\t\t\t<\/div>\n\t\t\t\t<\/div>\n\t\t\t<\/div>\n\t\t\t\t\t\t\t<div class=\"\">\n\t\t\t\t<div class=\"instructor-card short-card\">\n\t\t\t\t\t<div class=\"image\">\n\t\t\t\t\t\t<a href=\"https:\/\/green.edly.io\/Instructor\/cosmic-smith\/\">\n\t\t\t\t\t\t\t\t\t\t\t\t\t\t<img decoding=\"async\" src=\"https:\/\/d2dl4wi9c2tbm3.cloudfront.net\/2\/2021\/04\/download.jpeg\" alt=\"Cosmic Smith\" title=\"Cosmic Smith\" width=\"200\" height=\"200\">\n\t\t\t\t\t\t<\/a>\n\t\t\t\t\t<\/div>\n\t\t\t\t\t<h3 class=\"name\">\n\t\t\t\t\t\t<a href=\"https:\/\/green.edly.io\/Instructor\/cosmic-smith\/\">\n\t\t\t\t\t\t\tCosmic Smith\t\t\t\t\t\t<\/a>\n\t\t\t\t\t<\/h3>\n\t\t\t\t\t<div class=\"regency\">\n\t\t\t\t\t\t\t\t\t\t\t<\/div>\n\t\t\t\t<\/div>\n\t\t\t<\/div>\n\t\t\t\t\t\t\t<div class=\"\">\n\t\t\t\t<div class=\"instructor-card short-card\">\n\t\t\t\t\t<div class=\"image\">\n\t\t\t\t\t\t<a href=\"https:\/\/green.edly.io\/Instructor\/rouls-tech\/\">\n\t\t\t\t\t\t\t\t\t\t\t\t\t\t<img decoding=\"async\" src=\"https:\/\/d2dl4wi9c2tbm3.cloudfront.net\/2\/2020\/11\/green-user.png\" alt=\"Rouls Tech\" title=\"Rouls Tech\" width=\"200\" height=\"200\">\n\t\t\t\t\t\t<\/a>\n\t\t\t\t\t<\/div>\n\t\t\t\t\t<h3 class=\"name\">\n\t\t\t\t\t\t<a href=\"https:\/\/green.edly.io\/Instructor\/rouls-tech\/\">\n\t\t\t\t\t\t\tRouls Tech\t\t\t\t\t\t<\/a>\n\t\t\t\t\t<\/h3>\n\t\t\t\t\t<div class=\"regency\">\n\t\t\t\t\t\t\t\t\t\t\t<\/div>\n\t\t\t\t<\/div>\n\t\t\t<\/div>\n\t\t\t\t\t\t\t<div class=\"\">\n\t\t\t\t<div class=\"instructor-card short-card\">\n\t\t\t\t\t<div class=\"image\">\n\t\t\t\t\t\t<a href=\"https:\/\/green.edly.io\/Instructor\/rana\/\">\n\t\t\t\t\t\t\t\t\t\t\t\t\t\t<img loading=\"lazy\" decoding=\"async\" src=\"https:\/\/d2dl4wi9c2tbm3.cloudfront.net\/2\/2020\/11\/green-user.png\" alt=\"Rana\" title=\"Rana\" width=\"200\" height=\"200\">\n\t\t\t\t\t\t<\/a>\n\t\t\t\t\t<\/div>\n\t\t\t\t\t<h3 class=\"name\">\n\t\t\t\t\t\t<a href=\"https:\/\/green.edly.io\/Instructor\/rana\/\">\n\t\t\t\t\t\t\tRana\t\t\t\t\t\t<\/a>\n\t\t\t\t\t<\/h3>\n\t\t\t\t\t<div class=\"regency\">\n\t\t\t\t\t\t\t\t\t\t\t<\/div>\n\t\t\t\t<\/div>\n\t\t\t<\/div>\n\t\t\t\t\t\t\t<div class=\"\">\n\t\t\t\t<div class=\"instructor-card short-card\">\n\t\t\t\t\t<div class=\"image\">\n\t\t\t\t\t\t<a href=\"https:\/\/green.edly.io\/Instructor\/instructor-29-oct\/\">\n\t\t\t\t\t\t\t\t\t\t\t\t\t\t<img loading=\"lazy\" decoding=\"async\" src=\"https:\/\/d2dl4wi9c2tbm3.cloudfront.net\/2\/2024\/06\/images.png\" alt=\"Instructor 29 Oct\" title=\"Instructor 29 Oct\" width=\"200\" height=\"200\">\n\t\t\t\t\t\t<\/a>\n\t\t\t\t\t<\/div>\n\t\t\t\t\t<h3 class=\"name\">\n\t\t\t\t\t\t<a href=\"https:\/\/green.edly.io\/Instructor\/instructor-29-oct\/\">\n\t\t\t\t\t\t\tInstructor 29 Oct\t\t\t\t\t\t<\/a>\n\t\t\t\t\t<\/h3>\n\t\t\t\t\t<div class=\"regency\">\n\t\t\t\t\t\tQA Professional\t\t\t\t\t<\/div>\n\t\t\t\t<\/div>\n\t\t\t<\/div>\n\t\t\t\t\t\t\t<div class=\"\">\n\t\t\t\t<div class=\"instructor-card short-card\">\n\t\t\t\t\t<div class=\"image\">\n\t\t\t\t\t\t<a href=\"https:\/\/green.edly.io\/Instructor\/saim-jahangir\/\">\n\t\t\t\t\t\t\t\t\t\t\t\t\t\t<img loading=\"lazy\" decoding=\"async\" src=\"https:\/\/d2dl4wi9c2tbm3.cloudfront.net\/2\/2020\/11\/green-user.png\" alt=\"Saim Jahangir\" title=\"Saim Jahangir\" width=\"200\" height=\"200\">\n\t\t\t\t\t\t<\/a>\n\t\t\t\t\t<\/div>\n\t\t\t\t\t<h3 class=\"name\">\n\t\t\t\t\t\t<a href=\"https:\/\/green.edly.io\/Instructor\/saim-jahangir\/\">\n\t\t\t\t\t\t\tSaim Jahangir\t\t\t\t\t\t<\/a>\n\t\t\t\t\t<\/h3>\n\t\t\t\t\t<div class=\"regency\">\n\t\t\t\t\t\tQA\t\t\t\t\t<\/div>\n\t\t\t\t<\/div>\n\t\t\t<\/div>\n\t\t\t\t<\/div><!-- .row -->\n\t\t<\/div>\n\t\t\t\t<\/div>\n\t\t\t\t\t<\/div>\n\t\t<\/div>\n\t\t\t\t\t<\/div>\n\t\t<\/section>\n\t\t\t\t<\/div>\n\t\t","protected":false},"excerpt":{"rendered":"<p>NOTRE HISTOIRE Notre communaut\u00e9 est anim\u00e9e par un objectif commun: cr\u00e9er un monde meilleur gr\u00e2ce \u00e0 l&#8217;\u00e9ducation, \u00e0 la recherche et \u00e0 l&#8217;innovation. Previous Next QUI NOUS SOMMES La communaut\u00e9 St. LutherX est anim\u00e9e par un objectif commun: cr\u00e9er un . . .<\/p>\n","protected":false},"author":1,"featured_media":0,"parent":0,"menu_order":0,"comment_status":"closed","ping_status":"closed","template":"","meta":{"_acf_changed":false,"footnotes":""},"class_list":["post-563","page","type-page","status-publish","hentry"],"acf":[],"_links":{"self":[{"href":"https:\/\/green.edly.io\/fr\/wp-json\/wp\/v2\/pages\/563"}],"collection":[{"href":"https:\/\/green.edly.io\/fr\/wp-json\/wp\/v2\/pages"}],"about":[{"href":"https:\/\/green.edly.io\/fr\/wp-json\/wp\/v2\/types\/page"}],"author":[{"embeddable":true,"href":"https:\/\/green.edly.io\/fr\/wp-json\/wp\/v2\/users\/1"}],"replies":[{"embeddable":true,"href":"https:\/\/green.edly.io\/fr\/wp-json\/wp\/v2\/comments?post=563"}],"version-history":[{"count":8,"href":"https:\/\/green.edly.io\/fr\/wp-json\/wp\/v2\/pages\/563\/revisions"}],"predecessor-version":[{"id":586,"href":"https:\/\/green.edly.io\/fr\/wp-json\/wp\/v2\/pages\/563\/revisions\/586"}],"wp:attachment":[{"href":"https:\/\/green.edly.io\/fr\/wp-json\/wp\/v2\/media?parent=563"}],"curies":[{"name":"wp","href":"https:\/\/api.w.org\/{rel}","templated":true}]}}